{"id":1040,"date":"2020-09-18T09:56:42","date_gmt":"2020-09-18T09:56:42","guid":{"rendered":"http:\/\/www.casamiau.com.ar\/?page_id=1040"},"modified":"2024-04-09T01:19:32","modified_gmt":"2024-04-09T01:19:32","slug":"home-2","status":"publish","type":"page","link":"https:\/\/www.casamiau.com.ar\/","title":{"rendered":"Home"},"content":{"rendered":"\n<div class=\"wp-block-uagb-container uagb-block-3f7a3210 alignfull uagb-is-root-container\">\n<div class=\"wp-block-uagb-advanced-heading uagb-block-2ab35dfc\"><h1 class=\"uagb-heading-text\">\u00a1 Hola ! Somos Casa  Miau<\/h1><\/div>\n<\/div>\n\n\n\n<div class=\"wp-block-uagb-container uagb-block-0ff1a41f alignfull uagb-is-root-container\"><div class=\"uagb-container-inner-blocks-wrap\">\n<div class=\"wp-block-uagb-advanced-heading uagb-block-c2c8d570\"><h4 class=\"uagb-heading-text\">Somos un refugio de gatos ubicado en zona oeste de Gran Buenos Aires<\/h4><\/div>\n\n\n\n<div class=\"wp-block-uagb-advanced-heading uagb-block-bb557fff\"><p class=\"uagb-heading-text\">Con m\u00e1s de 50 gatos a nuestro cuidados, les proveemos un lugar de tr\u00e1nsito seguro y lleno de amor hasta que est\u00e9n listos para hayar su familia definitiva<\/p><\/div>\n\n\n\n<div class=\"wp-block-uagb-container uagb-block-f8de5bd7\">\n<div class=\"wp-block-uagb-container uagb-block-d382d905\">\n<div class=\"wp-block-uagb-container uagb-block-c9159d61\">\n<div class=\"wp-block-uagb-advanced-heading uagb-block-11de38e2\"><h4 class=\"uagb-heading-text\">01<\/h4><\/div>\n\n\n\n<div class=\"wp-block-uagb-advanced-heading uagb-block-6d4ce633\"><h3 class=\"uagb-heading-text\">Rescate<\/h3><\/div>\n\n\n\n<div class=\"wp-block-uagb-advanced-heading uagb-block-4ec304ea\"><p class=\"uagb-heading-text\">Rescatamos gatos de todas las edades en situaciones de extrema vulnerabilidad<\/p><\/div>\n<\/div>\n\n\n\n<div class=\"wp-block-uagb-container uagb-block-e925dffb\">\n<div class=\"wp-block-uagb-advanced-heading uagb-block-7e1361b4\"><h4 class=\"uagb-heading-text\">02<\/h4><\/div>\n\n\n\n<div class=\"wp-block-uagb-advanced-heading uagb-block-d21ad4a1\"><h3 class=\"uagb-heading-text\">Recuperaci\u00f3n<\/h3><\/div>\n\n\n\n<div class=\"wp-block-uagb-advanced-heading uagb-block-b90f5976\"><p class=\"uagb-heading-text\">Le damos la atenci\u00f3n veterinaria y cuidados necesarios hasta que tenga el alta<\/p><\/div>\n<\/div>\n<\/div>\n\n\n\n<div class=\"wp-block-uagb-container uagb-block-0018deff\">\n<div class=\"wp-block-uagb-image uagb-block-ccafdc9c wp-block-uagb-image--layout-default wp-block-uagb-image--effect-static wp-block-uagb-image--align-none\"><figure class=\"wp-block-uagb-image__figure\"><img decoding=\"async\" srcset=\"https:\/\/www.casamiau.com.ar\/wp-content\/uploads\/2024\/04\/Clipped_image_20240408_213643.png ,https:\/\/www.casamiau.com.ar\/wp-content\/uploads\/2024\/04\/Clipped_image_20240408_213643.png 780w, https:\/\/www.casamiau.com.ar\/wp-content\/uploads\/2024\/04\/Clipped_image_20240408_213643.png 360w\" sizes=\"auto, (max-width: 480px) 150px\" src=\"https:\/\/www.casamiau.com.ar\/wp-content\/uploads\/2024\/04\/Clipped_image_20240408_213643.png\" alt=\"\" class=\"uag-image-2895\" width=\"672\" height=\"600\" title=\"Clipped_image_20240408_213643\" loading=\"lazy\" role=\"img\"\/><\/figure><\/div>\n<\/div>\n\n\n\n<div class=\"wp-block-uagb-container uagb-block-f1d0ea4d\">\n<div class=\"wp-block-uagb-container uagb-block-e3dd509c\">\n<div class=\"wp-block-uagb-advanced-heading uagb-block-e6a2e920\"><h4 class=\"uagb-heading-text\">03<\/h4><\/div>\n\n\n\n<div class=\"wp-block-uagb-advanced-heading uagb-block-eb3f3516\"><h3 class=\"uagb-heading-text\">Amor<\/h3><\/div>\n\n\n\n<div class=\"wp-block-uagb-advanced-heading uagb-block-30c60c44\"><p class=\"uagb-heading-text\">Les damos todo el amor y cari\u00f1o que no pudieron tener hasta ahora<\/p><\/div>\n<\/div>\n\n\n\n<div class=\"wp-block-uagb-container uagb-block-2052452b\">\n<div class=\"wp-block-uagb-advanced-heading uagb-block-3a93560f\"><h4 class=\"uagb-heading-text\">04<\/h4><\/div>\n\n\n\n<div class=\"wp-block-uagb-advanced-heading uagb-block-fdaa5959\"><h3 class=\"uagb-heading-text\">Adopci\u00f3n<\/h3><\/div>\n\n\n\n<div class=\"wp-block-uagb-advanced-heading uagb-block-a1b8a01b\"><p class=\"uagb-heading-text\">Los conectamos con una familia que este dispuesto a hacerlos parte de su vida<\/p><\/div>\n<\/div>\n<\/div>\n<\/div>\n<\/div><\/div>\n\n\n\n<div class=\"wp-block-uagb-container uagb-block-495eb61c alignfull uagb-is-root-container\"><div class=\"uagb-container-inner-blocks-wrap\">\n<div class=\"wp-block-uagb-advanced-heading uagb-block-2d36350c\"><h2 class=\"uagb-heading-text\">Adoptados Felices<\/h2><\/div>\n\n\n\n<div class=\"wp-block-uagb-container uagb-block-7e4044ad\">\n<div class=\"wp-block-uagb-container uagb-block-a809aa69\">\n<div class=\"wp-block-uagb-image aligncenter uagb-block-67fb4f5b wp-block-uagb-image--layout-default wp-block-uagb-image--effect-static wp-block-uagb-image--align-center\"><figure class=\"wp-block-uagb-image__figure\"><img decoding=\"async\" srcset=\"https:\/\/www.casamiau.com.ar\/wp-content\/uploads\/2024\/04\/IMG-20230715-WA0017-150x150.jpg ,https:\/\/www.casamiau.com.ar\/wp-content\/uploads\/2024\/04\/IMG-20230715-WA0017.jpg 780w, https:\/\/www.casamiau.com.ar\/wp-content\/uploads\/2024\/04\/IMG-20230715-WA0017.jpg 360w\" sizes=\"auto, (max-width: 480px) 150px\" src=\"https:\/\/www.casamiau.com.ar\/wp-content\/uploads\/2024\/04\/IMG-20230715-WA0017-150x150.jpg\" alt=\"\" class=\"uag-image-2917\" width=\"150\" height=\"150\" title=\"IMG-20230715-WA0017\" loading=\"lazy\" role=\"img\"\/><\/figure><\/div>\n\n\n\n<div class=\"wp-block-uagb-advanced-heading uagb-block-41e0c305\"><p class=\"uagb-heading-text\">Rescatado de la calle como beb\u00e9, ahora es el rey de su casa<\/p><\/div>\n\n\n\n<div class=\"wp-block-uagb-advanced-heading uagb-block-7e5b18d8\"><h5 class=\"uagb-heading-text\">Inti<\/h5><\/div>\n<\/div>\n\n\n\n<div class=\"wp-block-uagb-container uagb-block-c72a1e97\">\n<div class=\"wp-block-uagb-image aligncenter uagb-block-3dce174f wp-block-uagb-image--layout-default wp-block-uagb-image--effect-static wp-block-uagb-image--align-center\"><figure class=\"wp-block-uagb-image__figure\"><img decoding=\"async\" srcset=\"https:\/\/www.casamiau.com.ar\/wp-content\/uploads\/2024\/04\/IMG-20231226-WA0016-150x150.jpg ,https:\/\/www.casamiau.com.ar\/wp-content\/uploads\/2024\/04\/IMG-20231226-WA0016.jpg 780w, https:\/\/www.casamiau.com.ar\/wp-content\/uploads\/2024\/04\/IMG-20231226-WA0016.jpg 360w\" sizes=\"auto, (max-width: 480px) 150px\" src=\"https:\/\/www.casamiau.com.ar\/wp-content\/uploads\/2024\/04\/IMG-20231226-WA0016-150x150.jpg\" alt=\"\" class=\"uag-image-2918\" width=\"150\" height=\"150\" title=\"IMG-20231226-WA0016\" loading=\"lazy\" role=\"img\"\/><\/figure><\/div>\n\n\n\n<div class=\"wp-block-uagb-advanced-heading uagb-block-b17f87f8\"><p class=\"uagb-heading-text\">De vivir con miedo en los techos a disfrutar cada d\u00eda de su vida<\/p><\/div>\n\n\n\n<div class=\"wp-block-uagb-advanced-heading uagb-block-df218d93\"><h5 class=\"uagb-heading-text\">Grafito<\/h5><\/div>\n<\/div>\n<\/div>\n<\/div><\/div>\n","protected":false},"excerpt":{"rendered":"<p>\u00a1 Hola ! Somos Casa Miau Somos un refugio de gatos ubicado en zona oeste de Gran Buenos Aires Con m\u00e1s de 50 gatos a nuestro cuidados, les proveemos un lugar de tr\u00e1nsito seguro y lleno de amor hasta que est\u00e9n listos para hayar su familia definitiva 01 Rescate Rescatamos gatos de todas las edades &hellip;<\/p>\n<p class=\"read-more\"> <a class=\"\" href=\"https:\/\/www.casamiau.com.ar\/\"> <span class=\"screen-reader-text\">Home<\/span> Read More &raquo;<\/a><\/p>\n","protected":false},"author":1,"featured_media":0,"parent":0,"menu_order":0,"comment_status":"closed","ping_status":"closed","template":"","meta":{"_uag_custom_page_level_css":"","site-sidebar-layout":"no-sidebar","site-content-layout":"plain-container","ast-global-header-display":"","ast-banner-title-visibility":"","ast-main-header-display":"","ast-hfb-above-header-display":"","ast-hfb-below-header-display":"","ast-hfb-mobile-header-display":"","site-post-title":"disabled","ast-breadcrumbs-content":"","ast-featured-img":"disabled","footer-sml-layout":"","theme-transparent-header-meta":"default","adv-header-id-meta":"","stick-header-meta":"","header-above-stick-meta":"","header-main-stick-meta":"","header-below-stick-meta":"","footnotes":""},"class_list":["post-1040","page","type-page","status-publish","hentry"],"uagb_featured_image_src":{"full":false,"thumbnail":false,"medium":false,"medium_large":false,"large":false,"1536x1536":false,"2048x2048":false},"uagb_author_info":{"display_name":"admin","author_link":"https:\/\/www.casamiau.com.ar\/?author=1"},"uagb_comment_info":0,"uagb_excerpt":"\u00a1 Hola ! Somos Casa Miau Somos un refugio de gatos ubicado en zona oeste de Gran Buenos Aires Con m\u00e1s de 50 gatos a nuestro cuidados, les proveemos un lugar de tr\u00e1nsito seguro y lleno de amor hasta que est\u00e9n listos para hayar su familia definitiva 01 Rescate Rescatamos gatos de todas las edades&hellip;","_links":{"self":[{"href":"https:\/\/www.casamiau.com.ar\/index.php?rest_route=\/wp\/v2\/pages\/1040","targetHints":{"allow":["GET"]}}],"collection":[{"href":"https:\/\/www.casamiau.com.ar\/index.php?rest_route=\/wp\/v2\/pages"}],"about":[{"href":"https:\/\/www.casamiau.com.ar\/index.php?rest_route=\/wp\/v2\/types\/page"}],"author":[{"embeddable":true,"href":"https:\/\/www.casamiau.com.ar\/index.php?rest_route=\/wp\/v2\/users\/1"}],"replies":[{"embeddable":true,"href":"https:\/\/www.casamiau.com.ar\/index.php?rest_route=%2Fwp%2Fv2%2Fcomments&post=1040"}],"version-history":[{"count":24,"href":"https:\/\/www.casamiau.com.ar\/index.php?rest_route=\/wp\/v2\/pages\/1040\/revisions"}],"predecessor-version":[{"id":2922,"href":"https:\/\/www.casamiau.com.ar\/index.php?rest_route=\/wp\/v2\/pages\/1040\/revisions\/2922"}],"wp:attachment":[{"href":"https:\/\/www.casamiau.com.ar\/index.php?rest_route=%2Fwp%2Fv2%2Fmedia&parent=1040"}],"curies":[{"name":"wp","href":"https:\/\/api.w.org\/{rel}","templated":true}]}}